











{"id":8321,"date":"2020-05-16T15:07:30","date_gmt":"2020-05-16T15:07:30","guid":{"rendered":"https:\/\/domaine-lafage.com\/?post_type=product&#038;p=8321"},"modified":"2026-03-16T17:13:02","modified_gmt":"2026-03-16T17:13:02","slug":"chimeres","status":"publish","type":"product","link":"https:\/\/domaine-lafage.com\/en\/produit\/chimeres\/","title":{"rendered":"Chim\u00e8res"},"content":{"rendered":"","protected":false},"excerpt":{"rendered":"","protected":false},"featured_media":16253,"template":"","meta":{"_acf_changed":false,"_et_pb_use_builder":"","_et_pb_old_content":"","_et_gb_content_width":""},"product_brand":[],"product_cat":[17],"product_tag":[280,247,312,283,281,231,282],"class_list":{"0":"post-8321","1":"product","2":"type-product","3":"status-publish","4":"has-post-thumbnail","6":"product_cat-rouges","7":"product_tag-agly","8":"product_tag-carignan","9":"product_tag-chateau-saint-roch","10":"product_tag-entrecote","11":"product_tag-grenache","12":"product_tag-rouge","13":"product_tag-syrah","15":"first","16":"instock","17":"taxable","18":"shipping-taxable","19":"purchasable","20":"product-type-variable","21":"has-default-attributes"},"group_of_quantity":6,"min_quantity":0,"max_quantity":"","exclude_order_quantity_value_rules":"no","exclude_category_quantity_rules":"no","combine_variations":"no","acf":[],"yoast_head":"<!-- This site is optimized with the Yoast SEO plugin v25.1 - https:\/\/yoast.com\/wordpress\/plugins\/seo\/ -->\n<title>Chim\u00e8res - Famille Lafage<\/title>\n<meta name=\"description\" content=\"Noir intense aux reflets violines, ce vin d\u00e9voile des ar\u00f4mes de fruits rouges m\u00fbrs, de r\u00e9glisse, de tapenade et de cuir, agr\u00e9ment\u00e9s de notes fum\u00e9es. Une attaque riche introduit une bouche ample et complexe (notes viand\u00e9es, fruits secs), soutenue par un \u00e9levage bois\u00e9 l\u00e9ger et des tanins nobles.\" \/>\n<meta name=\"robots\" content=\"index, follow, max-snippet:-1, max-image-preview:large, max-video-preview:-1\" \/>\n<link rel=\"canonical\" href=\"https:\/\/domaine-lafage.com\/en\/produit\/chimeres\/\" \/>\n<meta property=\"og:locale\" content=\"en_US\" \/>\n<meta property=\"og:type\" content=\"article\" \/>\n<meta property=\"og:title\" content=\"Chim\u00e8res - Famille Lafage\" \/>\n<meta property=\"og:description\" content=\"Noir intense aux reflets violines, ce vin d\u00e9voile des ar\u00f4mes de fruits rouges m\u00fbrs, de r\u00e9glisse, de tapenade et de cuir, agr\u00e9ment\u00e9s de notes fum\u00e9es. Une attaque riche introduit une bouche ample et complexe (notes viand\u00e9es, fruits secs), soutenue par un \u00e9levage bois\u00e9 l\u00e9ger et des tanins nobles.\" \/>\n<meta property=\"og:url\" content=\"https:\/\/domaine-lafage.com\/en\/produit\/chimeres\/\" \/>\n<meta property=\"og:site_name\" content=\"Famille Lafage\" \/>\n<meta property=\"article:modified_time\" content=\"2026-03-16T17:13:02+00:00\" \/>\n<meta property=\"og:image\" content=\"https:\/\/domaine-lafage.com\/wp-content\/uploads\/2020\/05\/CH-ST-ROCH-CHIMERES-NH-DOUBLE-CORPS-CIRE-ROUGE-DETOURE-421x1024.png\" \/>\n\t<meta property=\"og:image:width\" content=\"421\" \/>\n\t<meta property=\"og:image:height\" content=\"1024\" \/>\n\t<meta property=\"og:image:type\" content=\"image\/png\" \/>\n<meta name=\"twitter:card\" content=\"summary_large_image\" \/>\n<meta name=\"twitter:label1\" content=\"Est. reading time\" \/>\n\t<meta name=\"twitter:data1\" content=\"1 minute\" \/>\n<script type=\"application\/ld+json\" class=\"yoast-schema-graph\">{\"@context\":\"https:\/\/schema.org\",\"@graph\":[{\"@type\":\"WebPage\",\"@id\":\"https:\/\/domaine-lafage.com\/en\/produit\/chimeres\/\",\"url\":\"https:\/\/domaine-lafage.com\/en\/produit\/chimeres\/\",\"name\":\"Chim\u00e8res - Famille Lafage\",\"isPartOf\":{\"@id\":\"https:\/\/domaine-lafage.com\/en\/#website\"},\"primaryImageOfPage\":{\"@id\":\"https:\/\/domaine-lafage.com\/en\/produit\/chimeres\/#primaryimage\"},\"image\":{\"@id\":\"https:\/\/domaine-lafage.com\/en\/produit\/chimeres\/#primaryimage\"},\"thumbnailUrl\":\"https:\/\/domaine-lafage.com\/wp-content\/uploads\/2020\/05\/CH-ST-ROCH-CHIMERES-NH-DOUBLE-CORPS-CIRE-ROUGE-DETOURE.png\",\"datePublished\":\"2020-05-16T15:07:30+00:00\",\"dateModified\":\"2026-03-16T17:13:02+00:00\",\"description\":\"Noir intense aux reflets violines, ce vin d\u00e9voile des ar\u00f4mes de fruits rouges m\u00fbrs, de r\u00e9glisse, de tapenade et de cuir, agr\u00e9ment\u00e9s de notes fum\u00e9es. Une attaque riche introduit une bouche ample et complexe (notes viand\u00e9es, fruits secs), soutenue par un \u00e9levage bois\u00e9 l\u00e9ger et des tanins nobles.\",\"breadcrumb\":{\"@id\":\"https:\/\/domaine-lafage.com\/en\/produit\/chimeres\/#breadcrumb\"},\"inLanguage\":\"en-US\",\"potentialAction\":[{\"@type\":\"ReadAction\",\"target\":[\"https:\/\/domaine-lafage.com\/en\/produit\/chimeres\/\"]}]},{\"@type\":\"ImageObject\",\"inLanguage\":\"en-US\",\"@id\":\"https:\/\/domaine-lafage.com\/en\/produit\/chimeres\/#primaryimage\",\"url\":\"https:\/\/domaine-lafage.com\/wp-content\/uploads\/2020\/05\/CH-ST-ROCH-CHIMERES-NH-DOUBLE-CORPS-CIRE-ROUGE-DETOURE.png\",\"contentUrl\":\"https:\/\/domaine-lafage.com\/wp-content\/uploads\/2020\/05\/CH-ST-ROCH-CHIMERES-NH-DOUBLE-CORPS-CIRE-ROUGE-DETOURE.png\",\"width\":2338,\"height\":5681},{\"@type\":\"BreadcrumbList\",\"@id\":\"https:\/\/domaine-lafage.com\/en\/produit\/chimeres\/#breadcrumb\",\"itemListElement\":[{\"@type\":\"ListItem\",\"position\":1,\"name\":\"Home\",\"item\":\"https:\/\/domaine-lafage.com\/en\/\"},{\"@type\":\"ListItem\",\"position\":2,\"name\":\"Shop\",\"item\":\"https:\/\/domaine-lafage.com\/en\/shop\/\"},{\"@type\":\"ListItem\",\"position\":3,\"name\":\"Reds\",\"item\":\"https:\/\/domaine-lafage.com\/en\/categorie-produit\/reds\/\"},{\"@type\":\"ListItem\",\"position\":4,\"name\":\"Chim\u00e8res\"}]},{\"@type\":\"WebSite\",\"@id\":\"https:\/\/domaine-lafage.com\/en\/#website\",\"url\":\"https:\/\/domaine-lafage.com\/en\/\",\"name\":\"Famille Lafage\",\"description\":\"Famille Lafage : vente directe de vins du Roussillon, producteur r\u00e9coltant, vins blanc, vins ros\u00e9, vins rouge, muscat, vins doux naturel.\",\"publisher\":{\"@id\":\"https:\/\/domaine-lafage.com\/en\/#organization\"},\"potentialAction\":[{\"@type\":\"SearchAction\",\"target\":{\"@type\":\"EntryPoint\",\"urlTemplate\":\"https:\/\/domaine-lafage.com\/en\/?s={search_term_string}\"},\"query-input\":{\"@type\":\"PropertyValueSpecification\",\"valueRequired\":true,\"valueName\":\"search_term_string\"}}],\"inLanguage\":\"en-US\"},{\"@type\":\"Organization\",\"@id\":\"https:\/\/domaine-lafage.com\/en\/#organization\",\"name\":\"domaine Lafage\",\"url\":\"https:\/\/domaine-lafage.com\/en\/\",\"logo\":{\"@type\":\"ImageObject\",\"inLanguage\":\"en-US\",\"@id\":\"https:\/\/domaine-lafage.com\/en\/#\/schema\/logo\/image\/\",\"url\":\"https:\/\/domaine-lafage.com\/wp-content\/uploads\/2019\/12\/logo.png\",\"contentUrl\":\"https:\/\/domaine-lafage.com\/wp-content\/uploads\/2019\/12\/logo.png\",\"width\":228,\"height\":112,\"caption\":\"domaine Lafage\"},\"image\":{\"@id\":\"https:\/\/domaine-lafage.com\/en\/#\/schema\/logo\/image\/\"}}]}<\/script>\n<!-- \/ Yoast SEO plugin. -->","yoast_head_json":{"title":"Chim\u00e8res - Famille Lafage","description":"Noir intense aux reflets violines, ce vin d\u00e9voile des ar\u00f4mes de fruits rouges m\u00fbrs, de r\u00e9glisse, de tapenade et de cuir, agr\u00e9ment\u00e9s de notes fum\u00e9es. Une attaque riche introduit une bouche ample et complexe (notes viand\u00e9es, fruits secs), soutenue par un \u00e9levage bois\u00e9 l\u00e9ger et des tanins nobles.","robots":{"index":"index","follow":"follow","max-snippet":"max-snippet:-1","max-image-preview":"max-image-preview:large","max-video-preview":"max-video-preview:-1"},"canonical":"https:\/\/domaine-lafage.com\/en\/produit\/chimeres\/","og_locale":"en_US","og_type":"article","og_title":"Chim\u00e8res - Famille Lafage","og_description":"Noir intense aux reflets violines, ce vin d\u00e9voile des ar\u00f4mes de fruits rouges m\u00fbrs, de r\u00e9glisse, de tapenade et de cuir, agr\u00e9ment\u00e9s de notes fum\u00e9es. Une attaque riche introduit une bouche ample et complexe (notes viand\u00e9es, fruits secs), soutenue par un \u00e9levage bois\u00e9 l\u00e9ger et des tanins nobles.","og_url":"https:\/\/domaine-lafage.com\/en\/produit\/chimeres\/","og_site_name":"Famille Lafage","article_modified_time":"2026-03-16T17:13:02+00:00","og_image":[{"width":421,"height":1024,"url":"https:\/\/domaine-lafage.com\/wp-content\/uploads\/2020\/05\/CH-ST-ROCH-CHIMERES-NH-DOUBLE-CORPS-CIRE-ROUGE-DETOURE-421x1024.png","type":"image\/png"}],"twitter_card":"summary_large_image","twitter_misc":{"Est. reading time":"1 minute"},"schema":{"@context":"https:\/\/schema.org","@graph":[{"@type":"WebPage","@id":"https:\/\/domaine-lafage.com\/en\/produit\/chimeres\/","url":"https:\/\/domaine-lafage.com\/en\/produit\/chimeres\/","name":"Chim\u00e8res - Famille Lafage","isPartOf":{"@id":"https:\/\/domaine-lafage.com\/en\/#website"},"primaryImageOfPage":{"@id":"https:\/\/domaine-lafage.com\/en\/produit\/chimeres\/#primaryimage"},"image":{"@id":"https:\/\/domaine-lafage.com\/en\/produit\/chimeres\/#primaryimage"},"thumbnailUrl":"https:\/\/domaine-lafage.com\/wp-content\/uploads\/2020\/05\/CH-ST-ROCH-CHIMERES-NH-DOUBLE-CORPS-CIRE-ROUGE-DETOURE.png","datePublished":"2020-05-16T15:07:30+00:00","dateModified":"2026-03-16T17:13:02+00:00","description":"Noir intense aux reflets violines, ce vin d\u00e9voile des ar\u00f4mes de fruits rouges m\u00fbrs, de r\u00e9glisse, de tapenade et de cuir, agr\u00e9ment\u00e9s de notes fum\u00e9es. Une attaque riche introduit une bouche ample et complexe (notes viand\u00e9es, fruits secs), soutenue par un \u00e9levage bois\u00e9 l\u00e9ger et des tanins nobles.","breadcrumb":{"@id":"https:\/\/domaine-lafage.com\/en\/produit\/chimeres\/#breadcrumb"},"inLanguage":"en-US","potentialAction":[{"@type":"ReadAction","target":["https:\/\/domaine-lafage.com\/en\/produit\/chimeres\/"]}]},{"@type":"ImageObject","inLanguage":"en-US","@id":"https:\/\/domaine-lafage.com\/en\/produit\/chimeres\/#primaryimage","url":"https:\/\/domaine-lafage.com\/wp-content\/uploads\/2020\/05\/CH-ST-ROCH-CHIMERES-NH-DOUBLE-CORPS-CIRE-ROUGE-DETOURE.png","contentUrl":"https:\/\/domaine-lafage.com\/wp-content\/uploads\/2020\/05\/CH-ST-ROCH-CHIMERES-NH-DOUBLE-CORPS-CIRE-ROUGE-DETOURE.png","width":2338,"height":5681},{"@type":"BreadcrumbList","@id":"https:\/\/domaine-lafage.com\/en\/produit\/chimeres\/#breadcrumb","itemListElement":[{"@type":"ListItem","position":1,"name":"Home","item":"https:\/\/domaine-lafage.com\/en\/"},{"@type":"ListItem","position":2,"name":"Shop","item":"https:\/\/domaine-lafage.com\/en\/shop\/"},{"@type":"ListItem","position":3,"name":"Reds","item":"https:\/\/domaine-lafage.com\/en\/categorie-produit\/reds\/"},{"@type":"ListItem","position":4,"name":"Chim\u00e8res"}]},{"@type":"WebSite","@id":"https:\/\/domaine-lafage.com\/en\/#website","url":"https:\/\/domaine-lafage.com\/en\/","name":"Famille Lafage","description":"Famille Lafage : vente directe de vins du Roussillon, producteur r\u00e9coltant, vins blanc, vins ros\u00e9, vins rouge, muscat, vins doux naturel.","publisher":{"@id":"https:\/\/domaine-lafage.com\/en\/#organization"},"potentialAction":[{"@type":"SearchAction","target":{"@type":"EntryPoint","urlTemplate":"https:\/\/domaine-lafage.com\/en\/?s={search_term_string}"},"query-input":{"@type":"PropertyValueSpecification","valueRequired":true,"valueName":"search_term_string"}}],"inLanguage":"en-US"},{"@type":"Organization","@id":"https:\/\/domaine-lafage.com\/en\/#organization","name":"domaine Lafage","url":"https:\/\/domaine-lafage.com\/en\/","logo":{"@type":"ImageObject","inLanguage":"en-US","@id":"https:\/\/domaine-lafage.com\/en\/#\/schema\/logo\/image\/","url":"https:\/\/domaine-lafage.com\/wp-content\/uploads\/2019\/12\/logo.png","contentUrl":"https:\/\/domaine-lafage.com\/wp-content\/uploads\/2019\/12\/logo.png","width":228,"height":112,"caption":"domaine Lafage"},"image":{"@id":"https:\/\/domaine-lafage.com\/en\/#\/schema\/logo\/image\/"}}]}},"_links":{"self":[{"href":"https:\/\/domaine-lafage.com\/en\/wp-json\/wp\/v2\/product\/8321","targetHints":{"allow":["GET"]}}],"collection":[{"href":"https:\/\/domaine-lafage.com\/en\/wp-json\/wp\/v2\/product"}],"about":[{"href":"https:\/\/domaine-lafage.com\/en\/wp-json\/wp\/v2\/types\/product"}],"wp:featuredmedia":[{"embeddable":true,"href":"https:\/\/domaine-lafage.com\/en\/wp-json\/wp\/v2\/media\/16253"}],"wp:attachment":[{"href":"https:\/\/domaine-lafage.com\/en\/wp-json\/wp\/v2\/media?parent=8321"}],"wp:term":[{"taxonomy":"product_brand","embeddable":true,"href":"https:\/\/domaine-lafage.com\/en\/wp-json\/wp\/v2\/product_brand?post=8321"},{"taxonomy":"product_cat","embeddable":true,"href":"https:\/\/domaine-lafage.com\/en\/wp-json\/wp\/v2\/product_cat?post=8321"},{"taxonomy":"product_tag","embeddable":true,"href":"https:\/\/domaine-lafage.com\/en\/wp-json\/wp\/v2\/product_tag?post=8321"}],"curies":[{"name":"wp","href":"https:\/\/api.w.org\/{rel}","templated":true}]}}